{"id":45,"date":"2023-10-15T16:07:18","date_gmt":"2023-10-15T14:07:18","guid":{"rendered":"http:\/\/airport.bialystok.pl\/?page_id=45"},"modified":"2023-11-25T15:32:13","modified_gmt":"2023-11-25T14:32:13","slug":"strona-glowna","status":"publish","type":"page","link":"http:\/\/airport.bialystok.pl\/","title":{"rendered":"Strona G\u0142\u00f3wna"},"content":{"rendered":"\n<p>Znajduj\u0105 si\u0119 Pa\u0144stwo na oficjalnej stronie internetowej Stowarzyszenia Port Lotniczy Bia\u0142ystok oraz Podlaskiej Izby Lotniczej. Oba podmioty \u015bci\u015ble ze sob\u0105 wsp\u00f3\u0142pracuj\u0105. Aktualnie zrzeszamy ponad 200 u\u017cytkownik\u00f3w przestrzeni powietrznej na terenie Wojew\u00f3dztwa Podlaskiego oraz podmiot\u00f3w zainteresteresowanych rozpocz\u0119ciem szeroko rozumianej dzia\u0142alno\u015bci lotniczej, dronowej, kosmicznej lub powi\u0105zanej.<\/p>\n\n\n\n<p>Tworzymy platform\u0105 wymiany pogl\u0105d\u00f3w i najwa\u017cniejszych warto\u015bci sprzyjaj\u0105cych zr\u00f3wnowa\u017conemu rozwojowi dzia\u0142alno\u015bci lotniczej, dronowej i kosmicznej na terenie Wojew\u00f3dztwa Podlaskiego. Umo\u017cliwiamy dialog wszystkim interesariuszom tego procesu, w szczeg\u00f3lnosci mieszka\u0144com Wojew\u00f3dztwa Podlaskiego, przedsi\u0119biorcom, instytucjom otoczenia biznesu, o\u015brodkom naukowo-badawczych, plac\u00f3wkom o\u015bwiatowym, samorz\u0105dom i ich zwi\u0105zkom, a tak\u017ce organizacjom dzia\u0142aj\u0105cycm w obszarze ESG, w tym ekologicznym.<\/p>\n\n\n\n<p>Najnowsze aktualno\u015bci dot. dzia\u0142alno\u015bci Stowarzyszenia Port Lotniczy Bia\u0142ystok oraz Podlaskiej Izby Lotniczej zamieszczane s\u0105 tutaj: <a href=\"http:\/\/www.facebook.com\/AirportBialystok\">www.facebook.com\/AiportBialystok<\/a> oraz <a href=\"http:\/\/www.facebook.com\/PodlaskaIzbaLotnicza\">www.facebook.com\/PodlaskaIzbaLotnicza<\/a>.<\/p>\n\n\n\n<p>Najwa\u017cniejszym celem Stowarzyszenia <strong>Portu Lotniczego Bia\u0142ystok<\/strong> jest d\u0105\u017cenie do uruchomienia i rozw\u00f3ju Regionalnego Portu Lotniczego w Bia\u0142ymstoku, co wynika z \u00a7 2 pkt 1 ppkt a Regulaminu Dzia\u0142alno\u015bci Stowarzyszenia.<\/p>\n\n\n\n<p>Najwa\u017cniejszym celem Stowarzyszenia <strong>Podlaskiej Izby Lotniczej<\/strong> jest tworzenie i rozw\u00f3j lotnisk, l\u0105dowisk i vertiport\u00f3w na terenie Rzeczypospolitej Polskiej, a w szczeg\u00f3lno\u015bci Wojew\u00f3dztwa Podlaskiego, co wynika z \u00a7 2 pkt 1 ppkt a Regulaminu Dzia\u0142alno\u015bci Stowarzyszenia.<\/p>\n\n\n\n<p>Wsp\u00f3lne cele obu podmiot\u00f3w to:<\/p>\n\n\n\n<ul class=\"wp-block-list\">\n<li>popularyzacja pasa\u017cerskiego i towarowego transportu lotniczego,<\/li>\n\n\n\n<li>popularyzacja bezza\u0142ogowych statk\u00f3w powietrznych,<\/li>\n\n\n\n<li>popularyzacja przemys\u0142u lotniczego,<\/li>\n\n\n\n<li>popularyzacja udzia\u0142u lotnictwa wojskowego w obronno\u015bci kraju,<\/li>\n\n\n\n<li>krzewienie idei i tradycji lotniczych,<\/li>\n\n\n\n<li>popularyzacja sport\u00f3w lotniczych i turystyki lotniczej,<\/li>\n\n\n\n<li>wsparcie i wsp\u00f3\u0142dzia\u0142anie z innymi podmiotami, kt\u00f3rych dzia\u0142alno\u015b\u0107 dotyczy lotnictwa,<\/li>\n\n\n\n<li>popularyzacja dzia\u0142alno\u015bci kosmicznej, w tym lot\u00f3w i bada\u0144 prowadzonych w przestrzeni kosmicznej.<\/li>\n<\/ul>\n\n\n\n<p><\/p>\n\n\n\n<p>Zapraszamy Pa\u0144stwa do wsp\u00f3\u0142pracy z PIB oraz PIL -&gt; <a href=\"http:\/\/airport.bialystok.pl\/?page_id=31\">kontakt<\/a>.<\/p>\n","protected":false},"excerpt":{"rendered":"<p>Znajduj\u0105 si\u0119 Pa\u0144stwo na oficjalnej stronie internetowej Stowarzyszenia Port Lotniczy Bia\u0142ystok oraz Podlaskiej Izby Lotniczej. Oba podmioty \u015bci\u015ble ze sob\u0105 wsp\u00f3\u0142pracuj\u0105. Aktualnie zrzeszamy ponad 200 u\u017cytkownik\u00f3w przestrzeni powietrznej na terenie Wojew\u00f3dztwa Podlaskiego oraz podmiot\u00f3w zainteresteresowanych rozpocz\u0119ciem szeroko rozumianej dzia\u0142alno\u015bci lotniczej, dronowej, kosmicznej lub powi\u0105zanej. Tworzymy platform\u0105 wymiany pogl\u0105d\u00f3w i najwa\u017cniejszych warto\u015bci sprzyjaj\u0105cych zr\u00f3wnowa\u017conemu rozwojowi dzia\u0142alno\u015bci &hellip;<\/p>\n<p class=\"read-more\"> <a class=\"\" href=\"http:\/\/airport.bialystok.pl\/\"> <span class=\"screen-reader-text\">Strona G\u0142\u00f3wna<\/span> Read More &raquo;<\/a><\/p>\n","protected":false},"author":1,"featured_media":0,"parent":0,"menu_order":0,"comment_status":"closed","ping_status":"closed","template":"","meta":{"site-sidebar-layout":"default","site-content-layout":"","ast-site-content-layout":"","site-content-style":"default","site-sidebar-style":"default","ast-global-header-display":"","ast-banner-title-visibility":"","ast-main-header-display":"","ast-hfb-above-header-display":"","ast-hfb-below-header-display":"","ast-hfb-mobile-header-display":"","site-post-title":"","ast-breadcrumbs-content":"","ast-featured-img":"","footer-sml-layout":"","theme-transparent-header-meta":"","adv-header-id-meta":"","stick-header-meta":"","header-above-stick-meta":"","header-main-stick-meta":"","header-below-stick-meta":"","astra-migrate-meta-layouts":"","footnotes":""},"class_list":["post-45","page","type-page","status-publish","hentry"],"yoast_head":"<!-- This site is optimized with the Yoast SEO plugin v21.3 - https:\/\/yoast.com\/wordpress\/plugins\/seo\/ -->\n<title>Strona G\u0142\u00f3wna - wordpressplugins<\/title>\n<meta name=\"robots\" content=\"index, follow, max-snippet:-1, max-image-preview:large, max-video-preview:-1\" \/>\n<link rel=\"canonical\" href=\"http:\/\/airport.bialystok.pl\/\" \/>\n<meta property=\"og:locale\" content=\"en_US\" \/>\n<meta property=\"og:type\" content=\"article\" \/>\n<meta property=\"og:title\" content=\"Strona G\u0142\u00f3wna - wordpressplugins\" \/>\n<meta property=\"og:description\" content=\"Znajduj\u0105 si\u0119 Pa\u0144stwo na oficjalnej stronie internetowej Stowarzyszenia Port Lotniczy Bia\u0142ystok oraz Podlaskiej Izby Lotniczej. Oba podmioty \u015bci\u015ble ze sob\u0105 wsp\u00f3\u0142pracuj\u0105. Aktualnie zrzeszamy ponad 200 u\u017cytkownik\u00f3w przestrzeni powietrznej na terenie Wojew\u00f3dztwa Podlaskiego oraz podmiot\u00f3w zainteresteresowanych rozpocz\u0119ciem szeroko rozumianej dzia\u0142alno\u015bci lotniczej, dronowej, kosmicznej lub powi\u0105zanej. Tworzymy platform\u0105 wymiany pogl\u0105d\u00f3w i najwa\u017cniejszych warto\u015bci sprzyjaj\u0105cych zr\u00f3wnowa\u017conemu rozwojowi dzia\u0142alno\u015bci &hellip; Strona G\u0142\u00f3wna Read More &raquo;\" \/>\n<meta property=\"og:url\" content=\"http:\/\/airport.bialystok.pl\/\" \/>\n<meta property=\"og:site_name\" content=\"wordpressplugins\" \/>\n<meta property=\"article:modified_time\" content=\"2023-11-25T14:32:13+00:00\" \/>\n<meta name=\"twitter:card\" content=\"summary_large_image\" \/>\n<meta name=\"twitter:label1\" content=\"Est. reading time\" \/>\n\t<meta name=\"twitter:data1\" content=\"2 minutes\" \/>\n<script type=\"application\/ld+json\" class=\"yoast-schema-graph\">{\"@context\":\"https:\/\/schema.org\",\"@graph\":[{\"@type\":\"WebPage\",\"@id\":\"http:\/\/airport.bialystok.pl\/\",\"url\":\"http:\/\/airport.bialystok.pl\/\",\"name\":\"Strona G\u0142\u00f3wna - wordpressplugins\",\"isPartOf\":{\"@id\":\"http:\/\/airport.bialystok.pl\/#website\"},\"datePublished\":\"2023-10-15T14:07:18+00:00\",\"dateModified\":\"2023-11-25T14:32:13+00:00\",\"breadcrumb\":{\"@id\":\"http:\/\/airport.bialystok.pl\/#breadcrumb\"},\"inLanguage\":\"en-US\",\"potentialAction\":[{\"@type\":\"ReadAction\",\"target\":[\"http:\/\/airport.bialystok.pl\/\"]}]},{\"@type\":\"BreadcrumbList\",\"@id\":\"http:\/\/airport.bialystok.pl\/#breadcrumb\",\"itemListElement\":[{\"@type\":\"ListItem\",\"position\":1,\"name\":\"Home\",\"item\":\"http:\/\/airport.bialystok.pl\/\"},{\"@type\":\"ListItem\",\"position\":2,\"name\":\"Strona G\u0142\u00f3wna\"}]},{\"@type\":\"WebSite\",\"@id\":\"http:\/\/airport.bialystok.pl\/#website\",\"url\":\"http:\/\/airport.bialystok.pl\/\",\"name\":\"wordpressplugins\",\"description\":\"\",\"publisher\":{\"@id\":\"http:\/\/airport.bialystok.pl\/#organization\"},\"potentialAction\":[{\"@type\":\"SearchAction\",\"target\":{\"@type\":\"EntryPoint\",\"urlTemplate\":\"http:\/\/airport.bialystok.pl\/?s={search_term_string}\"},\"query-input\":\"required name=search_term_string\"}],\"inLanguage\":\"en-US\"},{\"@type\":\"Organization\",\"@id\":\"http:\/\/airport.bialystok.pl\/#organization\",\"name\":\"wordpressplugins\",\"url\":\"http:\/\/airport.bialystok.pl\/\",\"logo\":{\"@type\":\"ImageObject\",\"inLanguage\":\"en-US\",\"@id\":\"http:\/\/airport.bialystok.pl\/#\/schema\/logo\/image\/\",\"url\":\"http:\/\/airport.bialystok.pl\/wp-content\/uploads\/2023\/10\/cropped-cropped-322385023_1131724980848847_1548221548368249577_n-e1697380000241.jpg\",\"contentUrl\":\"http:\/\/airport.bialystok.pl\/wp-content\/uploads\/2023\/10\/cropped-cropped-322385023_1131724980848847_1548221548368249577_n-e1697380000241.jpg\",\"width\":371,\"height\":135,\"caption\":\"wordpressplugins\"},\"image\":{\"@id\":\"http:\/\/airport.bialystok.pl\/#\/schema\/logo\/image\/\"}}]}<\/script>\n<!-- \/ Yoast SEO plugin. -->","yoast_head_json":{"title":"Strona G\u0142\u00f3wna - wordpressplugins","robots":{"index":"index","follow":"follow","max-snippet":"max-snippet:-1","max-image-preview":"max-image-preview:large","max-video-preview":"max-video-preview:-1"},"canonical":"http:\/\/airport.bialystok.pl\/","og_locale":"en_US","og_type":"article","og_title":"Strona G\u0142\u00f3wna - wordpressplugins","og_description":"Znajduj\u0105 si\u0119 Pa\u0144stwo na oficjalnej stronie internetowej Stowarzyszenia Port Lotniczy Bia\u0142ystok oraz Podlaskiej Izby Lotniczej. Oba podmioty \u015bci\u015ble ze sob\u0105 wsp\u00f3\u0142pracuj\u0105. Aktualnie zrzeszamy ponad 200 u\u017cytkownik\u00f3w przestrzeni powietrznej na terenie Wojew\u00f3dztwa Podlaskiego oraz podmiot\u00f3w zainteresteresowanych rozpocz\u0119ciem szeroko rozumianej dzia\u0142alno\u015bci lotniczej, dronowej, kosmicznej lub powi\u0105zanej. Tworzymy platform\u0105 wymiany pogl\u0105d\u00f3w i najwa\u017cniejszych warto\u015bci sprzyjaj\u0105cych zr\u00f3wnowa\u017conemu rozwojowi dzia\u0142alno\u015bci &hellip; Strona G\u0142\u00f3wna Read More &raquo;","og_url":"http:\/\/airport.bialystok.pl\/","og_site_name":"wordpressplugins","article_modified_time":"2023-11-25T14:32:13+00:00","twitter_card":"summary_large_image","twitter_misc":{"Est. reading time":"2 minutes"},"schema":{"@context":"https:\/\/schema.org","@graph":[{"@type":"WebPage","@id":"http:\/\/airport.bialystok.pl\/","url":"http:\/\/airport.bialystok.pl\/","name":"Strona G\u0142\u00f3wna - wordpressplugins","isPartOf":{"@id":"http:\/\/airport.bialystok.pl\/#website"},"datePublished":"2023-10-15T14:07:18+00:00","dateModified":"2023-11-25T14:32:13+00:00","breadcrumb":{"@id":"http:\/\/airport.bialystok.pl\/#breadcrumb"},"inLanguage":"en-US","potentialAction":[{"@type":"ReadAction","target":["http:\/\/airport.bialystok.pl\/"]}]},{"@type":"BreadcrumbList","@id":"http:\/\/airport.bialystok.pl\/#breadcrumb","itemListElement":[{"@type":"ListItem","position":1,"name":"Home","item":"http:\/\/airport.bialystok.pl\/"},{"@type":"ListItem","position":2,"name":"Strona G\u0142\u00f3wna"}]},{"@type":"WebSite","@id":"http:\/\/airport.bialystok.pl\/#website","url":"http:\/\/airport.bialystok.pl\/","name":"wordpressplugins","description":"","publisher":{"@id":"http:\/\/airport.bialystok.pl\/#organization"},"potentialAction":[{"@type":"SearchAction","target":{"@type":"EntryPoint","urlTemplate":"http:\/\/airport.bialystok.pl\/?s={search_term_string}"},"query-input":"required name=search_term_string"}],"inLanguage":"en-US"},{"@type":"Organization","@id":"http:\/\/airport.bialystok.pl\/#organization","name":"wordpressplugins","url":"http:\/\/airport.bialystok.pl\/","logo":{"@type":"ImageObject","inLanguage":"en-US","@id":"http:\/\/airport.bialystok.pl\/#\/schema\/logo\/image\/","url":"http:\/\/airport.bialystok.pl\/wp-content\/uploads\/2023\/10\/cropped-cropped-322385023_1131724980848847_1548221548368249577_n-e1697380000241.jpg","contentUrl":"http:\/\/airport.bialystok.pl\/wp-content\/uploads\/2023\/10\/cropped-cropped-322385023_1131724980848847_1548221548368249577_n-e1697380000241.jpg","width":371,"height":135,"caption":"wordpressplugins"},"image":{"@id":"http:\/\/airport.bialystok.pl\/#\/schema\/logo\/image\/"}}]}},"_links":{"self":[{"href":"http:\/\/airport.bialystok.pl\/index.php?rest_route=\/wp\/v2\/pages\/45","targetHints":{"allow":["GET"]}}],"collection":[{"href":"http:\/\/airport.bialystok.pl\/index.php?rest_route=\/wp\/v2\/pages"}],"about":[{"href":"http:\/\/airport.bialystok.pl\/index.php?rest_route=\/wp\/v2\/types\/page"}],"author":[{"embeddable":true,"href":"http:\/\/airport.bialystok.pl\/index.php?rest_route=\/wp\/v2\/users\/1"}],"replies":[{"embeddable":true,"href":"http:\/\/airport.bialystok.pl\/index.php?rest_route=%2Fwp%2Fv2%2Fcomments&post=45"}],"version-history":[{"count":9,"href":"http:\/\/airport.bialystok.pl\/index.php?rest_route=\/wp\/v2\/pages\/45\/revisions"}],"predecessor-version":[{"id":149,"href":"http:\/\/airport.bialystok.pl\/index.php?rest_route=\/wp\/v2\/pages\/45\/revisions\/149"}],"wp:attachment":[{"href":"http:\/\/airport.bialystok.pl\/index.php?rest_route=%2Fwp%2Fv2%2Fmedia&parent=45"}],"curies":[{"name":"wp","href":"https:\/\/api.w.org\/{rel}","templated":true}]}}